{"id":17818,"date":"2024-05-06T15:00:52","date_gmt":"2024-05-06T18:00:52","guid":{"rendered":"https:\/\/maisgoiano.com.br\/go\/?page_id=17818"},"modified":"2024-05-06T15:00:53","modified_gmt":"2024-05-06T18:00:53","slug":"sobre","status":"publish","type":"page","link":"https:\/\/maisgoiano.com.br\/go\/sobre\/","title":{"rendered":"Sobre"},"content":{"rendered":"","protected":false},"excerpt":{"rendered":"","protected":false},"author":1,"featured_media":0,"parent":0,"menu_order":0,"comment_status":"closed","ping_status":"closed","template":"","meta":{"footnotes":""},"class_list":["post-17818","page","type-page","status-publish","hentry"],"yoast_head":"<!-- This site is optimized with the Yoast SEO Premium plugin v25.9 (Yoast SEO v27.1.1) - https:\/\/yoast.com\/product\/yoast-seo-premium-wordpress\/ -->\n<title>Sobre - Mais Goiano - Not\u00edcias de Verdade! Goi\u00e1s, Brasil e Mundo<\/title>\n<meta name=\"robots\" content=\"index, follow, max-snippet:-1, max-image-preview:large, max-video-preview:-1\" \/>\n<link rel=\"canonical\" href=\"https:\/\/maisgoiano.com.br\/go\/sobre\/\" \/>\n<meta property=\"og:locale\" content=\"pt_BR\" \/>\n<meta property=\"og:type\" content=\"article\" \/>\n<meta property=\"og:title\" content=\"Sobre\" \/>\n<meta property=\"og:url\" content=\"https:\/\/maisgoiano.com.br\/go\/sobre\/\" \/>\n<meta property=\"og:site_name\" content=\"Mais Goiano - Not\u00edcias de Verdade! Goi\u00e1s, Brasil e Mundo\" \/>\n<meta property=\"article:publisher\" content=\"https:\/\/www.facebook.com\/maisgoiano\" \/>\n<meta property=\"article:modified_time\" content=\"2024-05-06T18:00:53+00:00\" \/>\n<meta property=\"og:image\" content=\"https:\/\/maisgoiano.com.br\/go\/wp-content\/uploads\/2024\/05\/MAIS-GOIANO-NOTICIAS-DE-VERDADE.jpg\" \/>\n\t<meta property=\"og:image:width\" content=\"1200\" \/>\n\t<meta property=\"og:image:height\" content=\"675\" \/>\n\t<meta property=\"og:image:type\" content=\"image\/jpeg\" \/>\n<script type=\"application\/ld+json\" class=\"yoast-schema-graph\">{\"@context\":\"https:\/\/schema.org\",\"@graph\":[{\"@type\":\"WebPage\",\"@id\":\"https:\/\/maisgoiano.com.br\/go\/sobre\/\",\"url\":\"https:\/\/maisgoiano.com.br\/go\/sobre\/\",\"name\":\"Sobre - Mais Goiano - Not\u00edcias de Verdade! Goi\u00e1s, Brasil e Mundo\",\"isPartOf\":{\"@id\":\"https:\/\/maisgoiano.com.br\/go\/#website\"},\"datePublished\":\"2024-05-06T18:00:52+00:00\",\"dateModified\":\"2024-05-06T18:00:53+00:00\",\"breadcrumb\":{\"@id\":\"https:\/\/maisgoiano.com.br\/go\/sobre\/#breadcrumb\"},\"inLanguage\":\"pt-BR\",\"potentialAction\":[{\"@type\":\"ReadAction\",\"target\":[\"https:\/\/maisgoiano.com.br\/go\/sobre\/\"]}]},{\"@type\":\"BreadcrumbList\",\"@id\":\"https:\/\/maisgoiano.com.br\/go\/sobre\/#breadcrumb\",\"itemListElement\":[{\"@type\":\"ListItem\",\"position\":1,\"name\":\"In\u00edcio\",\"item\":\"https:\/\/maisgoiano.com.br\/go\/\"},{\"@type\":\"ListItem\",\"position\":2,\"name\":\"Sobre\"}]},{\"@type\":\"WebSite\",\"@id\":\"https:\/\/maisgoiano.com.br\/go\/#website\",\"url\":\"https:\/\/maisgoiano.com.br\/go\/\",\"name\":\"Mais Goiano | Not\u00edcias de Verdade! Goi\u00e1s, Brasil e Mundo\",\"description\":\"Not\u00edcias de Verdade! Goi\u00e1s, Brasil e Mundo\",\"publisher\":{\"@id\":\"https:\/\/maisgoiano.com.br\/go\/#organization\"},\"alternateName\":\"Mais Goiano | Not\u00edcias de Verdade! Goi\u00e1s, Brasil e Mundo\",\"potentialAction\":[{\"@type\":\"SearchAction\",\"target\":{\"@type\":\"EntryPoint\",\"urlTemplate\":\"https:\/\/maisgoiano.com.br\/go\/?s={search_term_string}\"},\"query-input\":{\"@type\":\"PropertyValueSpecification\",\"valueRequired\":true,\"valueName\":\"search_term_string\"}}],\"inLanguage\":\"pt-BR\"},{\"@type\":\"Organization\",\"@id\":\"https:\/\/maisgoiano.com.br\/go\/#organization\",\"name\":\"Mais Goiano | Not\u00edcias de Verdade! Goi\u00e1s, Brasil e Mundo\",\"alternateName\":\"Mais Goiano | Not\u00edcias de Verdade! Goi\u00e1s, Brasil e Mundo\",\"url\":\"https:\/\/maisgoiano.com.br\/go\/\",\"logo\":{\"@type\":\"ImageObject\",\"inLanguage\":\"pt-BR\",\"@id\":\"https:\/\/maisgoiano.com.br\/go\/#\/schema\/logo\/image\/\",\"url\":\"https:\/\/maisgoiano.com.br\/go\/wp-content\/uploads\/2025\/05\/Mais-Goiano.jpg\",\"contentUrl\":\"https:\/\/maisgoiano.com.br\/go\/wp-content\/uploads\/2025\/05\/Mais-Goiano.jpg\",\"width\":1024,\"height\":454,\"caption\":\"Mais Goiano | Not\u00edcias de Verdade! Goi\u00e1s, Brasil e Mundo\"},\"image\":{\"@id\":\"https:\/\/maisgoiano.com.br\/go\/#\/schema\/logo\/image\/\"},\"sameAs\":[\"https:\/\/www.facebook.com\/maisgoiano\",\"https:\/\/www.instagram.com\/maisgoiano\/\"],\"description\":\"O Mais Goiano \u00e9 um portal de not\u00edcias digital independente. Sua estreia ocorreu em janeiro de 2024, com o objetivo de oferecer um ambiente confi\u00e1vel em meio \u00e0 dissemina\u00e7\u00e3o de informa\u00e7\u00f5es falsas.\",\"foundingDate\":\"2024-01-02\",\"numberOfEmployees\":{\"@type\":\"QuantitativeValue\",\"minValue\":\"1\",\"maxValue\":\"10\"},\"publishingPrinciples\":\"https:\/\/maisgoiano.com.br\/go\/politica-de-privacidade-2\/\"}]}<\/script>\n<!-- \/ Yoast SEO Premium plugin. -->","yoast_head_json":{"title":"Sobre - Mais Goiano - Not\u00edcias de Verdade! Goi\u00e1s, Brasil e Mundo","robots":{"index":"index","follow":"follow","max-snippet":"max-snippet:-1","max-image-preview":"max-image-preview:large","max-video-preview":"max-video-preview:-1"},"canonical":"https:\/\/maisgoiano.com.br\/go\/sobre\/","og_locale":"pt_BR","og_type":"article","og_title":"Sobre","og_url":"https:\/\/maisgoiano.com.br\/go\/sobre\/","og_site_name":"Mais Goiano - Not\u00edcias de Verdade! Goi\u00e1s, Brasil e Mundo","article_publisher":"https:\/\/www.facebook.com\/maisgoiano","article_modified_time":"2024-05-06T18:00:53+00:00","og_image":[{"width":1200,"height":675,"url":"https:\/\/maisgoiano.com.br\/go\/wp-content\/uploads\/2024\/05\/MAIS-GOIANO-NOTICIAS-DE-VERDADE.jpg","type":"image\/jpeg"}],"schema":{"@context":"https:\/\/schema.org","@graph":[{"@type":"WebPage","@id":"https:\/\/maisgoiano.com.br\/go\/sobre\/","url":"https:\/\/maisgoiano.com.br\/go\/sobre\/","name":"Sobre - Mais Goiano - Not\u00edcias de Verdade! Goi\u00e1s, Brasil e Mundo","isPartOf":{"@id":"https:\/\/maisgoiano.com.br\/go\/#website"},"datePublished":"2024-05-06T18:00:52+00:00","dateModified":"2024-05-06T18:00:53+00:00","breadcrumb":{"@id":"https:\/\/maisgoiano.com.br\/go\/sobre\/#breadcrumb"},"inLanguage":"pt-BR","potentialAction":[{"@type":"ReadAction","target":["https:\/\/maisgoiano.com.br\/go\/sobre\/"]}]},{"@type":"BreadcrumbList","@id":"https:\/\/maisgoiano.com.br\/go\/sobre\/#breadcrumb","itemListElement":[{"@type":"ListItem","position":1,"name":"In\u00edcio","item":"https:\/\/maisgoiano.com.br\/go\/"},{"@type":"ListItem","position":2,"name":"Sobre"}]},{"@type":"WebSite","@id":"https:\/\/maisgoiano.com.br\/go\/#website","url":"https:\/\/maisgoiano.com.br\/go\/","name":"Mais Goiano | Not\u00edcias de Verdade! Goi\u00e1s, Brasil e Mundo","description":"Not\u00edcias de Verdade! Goi\u00e1s, Brasil e Mundo","publisher":{"@id":"https:\/\/maisgoiano.com.br\/go\/#organization"},"alternateName":"Mais Goiano | Not\u00edcias de Verdade! Goi\u00e1s, Brasil e Mundo","potentialAction":[{"@type":"SearchAction","target":{"@type":"EntryPoint","urlTemplate":"https:\/\/maisgoiano.com.br\/go\/?s={search_term_string}"},"query-input":{"@type":"PropertyValueSpecification","valueRequired":true,"valueName":"search_term_string"}}],"inLanguage":"pt-BR"},{"@type":"Organization","@id":"https:\/\/maisgoiano.com.br\/go\/#organization","name":"Mais Goiano | Not\u00edcias de Verdade! Goi\u00e1s, Brasil e Mundo","alternateName":"Mais Goiano | Not\u00edcias de Verdade! Goi\u00e1s, Brasil e Mundo","url":"https:\/\/maisgoiano.com.br\/go\/","logo":{"@type":"ImageObject","inLanguage":"pt-BR","@id":"https:\/\/maisgoiano.com.br\/go\/#\/schema\/logo\/image\/","url":"https:\/\/maisgoiano.com.br\/go\/wp-content\/uploads\/2025\/05\/Mais-Goiano.jpg","contentUrl":"https:\/\/maisgoiano.com.br\/go\/wp-content\/uploads\/2025\/05\/Mais-Goiano.jpg","width":1024,"height":454,"caption":"Mais Goiano | Not\u00edcias de Verdade! Goi\u00e1s, Brasil e Mundo"},"image":{"@id":"https:\/\/maisgoiano.com.br\/go\/#\/schema\/logo\/image\/"},"sameAs":["https:\/\/www.facebook.com\/maisgoiano","https:\/\/www.instagram.com\/maisgoiano\/"],"description":"O Mais Goiano \u00e9 um portal de not\u00edcias digital independente. Sua estreia ocorreu em janeiro de 2024, com o objetivo de oferecer um ambiente confi\u00e1vel em meio \u00e0 dissemina\u00e7\u00e3o de informa\u00e7\u00f5es falsas.","foundingDate":"2024-01-02","numberOfEmployees":{"@type":"QuantitativeValue","minValue":"1","maxValue":"10"},"publishingPrinciples":"https:\/\/maisgoiano.com.br\/go\/politica-de-privacidade-2\/"}]}},"_links":{"self":[{"href":"https:\/\/maisgoiano.com.br\/go\/wp-json\/wp\/v2\/pages\/17818","targetHints":{"allow":["GET"]}}],"collection":[{"href":"https:\/\/maisgoiano.com.br\/go\/wp-json\/wp\/v2\/pages"}],"about":[{"href":"https:\/\/maisgoiano.com.br\/go\/wp-json\/wp\/v2\/types\/page"}],"author":[{"embeddable":true,"href":"https:\/\/maisgoiano.com.br\/go\/wp-json\/wp\/v2\/users\/1"}],"replies":[{"embeddable":true,"href":"https:\/\/maisgoiano.com.br\/go\/wp-json\/wp\/v2\/comments?post=17818"}],"version-history":[{"count":0,"href":"https:\/\/maisgoiano.com.br\/go\/wp-json\/wp\/v2\/pages\/17818\/revisions"}],"wp:attachment":[{"href":"https:\/\/maisgoiano.com.br\/go\/wp-json\/wp\/v2\/media?parent=17818"}],"curies":[{"name":"wp","href":"https:\/\/api.w.org\/{rel}","templated":true}]}}