{"id":17957,"date":"2024-05-07T14:29:20","date_gmt":"2024-05-07T17:29:20","guid":{"rendered":"https:\/\/maisgoiano.com.br\/go\/?page_id=17957"},"modified":"2024-05-07T14:39:05","modified_gmt":"2024-05-07T17:39:05","slug":"quem-somos","status":"publish","type":"page","link":"https:\/\/maisgoiano.com.br\/go\/quem-somos\/","title":{"rendered":"Quem Somos"},"content":{"rendered":"\t\t<div data-elementor-type=\"wp-page\" data-elementor-id=\"17957\" class=\"elementor elementor-17957\" data-elementor-post-type=\"page\">\n\t\t\t\t<div data-particle_enable=\"false\" data-particle-mobile-disabled=\"false\" class=\"elementor-element elementor-element-96f0f55 e-flex e-con-boxed e-con e-parent\" data-id=\"96f0f55\" data-element_type=\"container\" data-e-type=\"container\" data-settings=\"{&quot;jet_parallax_layout_list&quot;:[]}\">\n\t\t\t\t\t<div class=\"e-con-inner\">\n\t\t\t\t<div class=\"elementor-element elementor-element-3576414 elementor-widget elementor-widget-heading\" data-id=\"3576414\" data-element_type=\"widget\" data-e-type=\"widget\" data-widget_type=\"heading.default\">\n\t\t\t\t<div class=\"elementor-widget-container\">\n\t\t\t\t\t<div class=\"elementor-heading-title elementor-size-default\">Quem Somos<\/div>\t\t\t\t<\/div>\n\t\t\t\t<\/div>\n\t\t\t\t\t<\/div>\n\t\t\t\t<\/div>\n\t\t<div data-particle_enable=\"false\" data-particle-mobile-disabled=\"false\" class=\"elementor-element elementor-element-387096d e-flex e-con-boxed e-con e-parent\" data-id=\"387096d\" data-element_type=\"container\" data-e-type=\"container\" data-settings=\"{&quot;jet_parallax_layout_list&quot;:[]}\">\n\t\t\t\t\t<div class=\"e-con-inner\">\n\t\t<div data-particle_enable=\"false\" data-particle-mobile-disabled=\"false\" class=\"elementor-element elementor-element-c3d38fb e-con-full e-flex e-con e-child\" data-id=\"c3d38fb\" data-element_type=\"container\" data-e-type=\"container\" data-settings=\"{&quot;jet_parallax_layout_list&quot;:[]}\">\n\t\t\t\t<div class=\"elementor-element elementor-element-fedc76d elementor-widget elementor-widget-text-editor\" data-id=\"fedc76d\" data-element_type=\"widget\" data-e-type=\"widget\" data-widget_type=\"text-editor.default\">\n\t\t\t\t<div class=\"elementor-widget-container\">\n\t\t\t\t\t\t\t\t\t<p style=\"text-align: right;\">O Mais Goiano \u00e9 um portal de not\u00edcias digital independente. Sua estreia ocorreu em janeiro de 2024, com o objetivo de oferecer um ambiente confi\u00e1vel em meio \u00e0 dissemina\u00e7\u00e3o de informa\u00e7\u00f5es falsas.<\/p><p style=\"text-align: right;\">A equipe editorial, composta por jornalistas, adota uma linguagem clara e objetiva. Sua abordagem \u00e9 voltada para toda a fam\u00edlia, preenchendo uma lacuna no jornalismo contempor\u00e2neo ao atender um p\u00fablico muitas vezes negligenciado pelos grandes conglomerados midi\u00e1ticos.<\/p><p style=\"text-align: right;\">O conte\u00fado abrange uma variedade de temas, incluindo not\u00edcias locais de Goi\u00e1s, acontecimentos nacionais e internacionais, assuntos econ\u00f4micos e entretenimento.<\/p><p style=\"text-align: right;\">O Mais Goiano \u00e9 parte integrante da ChBorges de Comunica\u00e7\u00e3o, uma empresa com mais de 17 anos de experi\u00eancia no mercado. Al\u00e9m do portal de not\u00edcias, a ChBorges atua em diversas \u00e1reas complementares, como gravadora, r\u00e1dio, produ\u00e7\u00e3o de \u00e1udio e websites.<\/p>\t\t\t\t\t\t\t\t<\/div>\n\t\t\t\t<\/div>\n\t\t\t\t<\/div>\n\t\t<div data-particle_enable=\"false\" data-particle-mobile-disabled=\"false\" class=\"elementor-element elementor-element-d70d336 e-con-full e-flex e-con e-child\" data-id=\"d70d336\" data-element_type=\"container\" data-e-type=\"container\" data-settings=\"{&quot;jet_parallax_layout_list&quot;:[]}\">\n\t\t\t\t<div class=\"elementor-element elementor-element-1e63ddd elementor-widget elementor-widget-image\" data-id=\"1e63ddd\" data-element_type=\"widget\" data-e-type=\"widget\" data-widget_type=\"image.default\">\n\t\t\t\t<div class=\"elementor-widget-container\">\n\t\t\t\t\t\t\t\t\t\t\t\t\t\t\t<img fetchpriority=\"high\" decoding=\"async\" width=\"2560\" height=\"1439\" src=\"https:\/\/maisgoiano.com.br\/go\/wp-content\/uploads\/2024\/04\/90e161ca36f0c49799f03ca1fa5cfea7-scaled.webp\" class=\"attachment-full size-full wp-image-16686\" alt=\"\" srcset=\"https:\/\/maisgoiano.com.br\/go\/wp-content\/uploads\/2024\/04\/90e161ca36f0c49799f03ca1fa5cfea7-scaled.webp 2560w, https:\/\/maisgoiano.com.br\/go\/wp-content\/uploads\/2024\/04\/90e161ca36f0c49799f03ca1fa5cfea7-300x169.webp 300w, https:\/\/maisgoiano.com.br\/go\/wp-content\/uploads\/2024\/04\/90e161ca36f0c49799f03ca1fa5cfea7-1024x575.webp 1024w, https:\/\/maisgoiano.com.br\/go\/wp-content\/uploads\/2024\/04\/90e161ca36f0c49799f03ca1fa5cfea7-768x432.webp 768w, https:\/\/maisgoiano.com.br\/go\/wp-content\/uploads\/2024\/04\/90e161ca36f0c49799f03ca1fa5cfea7-1536x863.webp 1536w, https:\/\/maisgoiano.com.br\/go\/wp-content\/uploads\/2024\/04\/90e161ca36f0c49799f03ca1fa5cfea7-2048x1151.webp 2048w\" sizes=\"(max-width: 2560px) 100vw, 2560px\" \/>\t\t\t\t\t\t\t\t\t\t\t\t\t\t\t<\/div>\n\t\t\t\t<\/div>\n\t\t\t\t<\/div>\n\t\t\t\t\t<\/div>\n\t\t\t\t<\/div>\n\t\t<div data-particle_enable=\"false\" data-particle-mobile-disabled=\"false\" class=\"elementor-element elementor-element-320b2b7 e-flex e-con-boxed e-con e-parent\" data-id=\"320b2b7\" data-element_type=\"container\" data-e-type=\"container\" data-settings=\"{&quot;jet_parallax_layout_list&quot;:[]}\">\n\t\t\t\t\t<div class=\"e-con-inner\">\n\t\t\t\t<div class=\"elementor-element elementor-element-91e12da elementor-widget elementor-widget-spacer\" data-id=\"91e12da\" data-element_type=\"widget\" data-e-type=\"widget\" data-widget_type=\"spacer.default\">\n\t\t\t\t<div class=\"elementor-widget-container\">\n\t\t\t\t\t\t\t<div class=\"elementor-spacer\">\n\t\t\t<div class=\"elementor-spacer-inner\"><\/div>\n\t\t<\/div>\n\t\t\t\t\t\t<\/div>\n\t\t\t\t<\/div>\n\t\t\t\t\t<\/div>\n\t\t\t\t<\/div>\n\t\t\t\t<\/div>\n\t\t","protected":false},"excerpt":{"rendered":"<p>Quem Somos O Mais Goiano \u00e9 um portal de not\u00edcias digital independente. Sua estreia ocorreu em janeiro de 2024, com o objetivo de oferecer um ambiente confi\u00e1vel em meio \u00e0 dissemina\u00e7\u00e3o de informa\u00e7\u00f5es falsas. A equipe editorial, composta por jornalistas, adota uma linguagem clara e objetiva. Sua abordagem \u00e9 voltada para toda a fam\u00edlia, preenchendo [&hellip;]<\/p>\n","protected":false},"author":1,"featured_media":0,"parent":0,"menu_order":0,"comment_status":"closed","ping_status":"closed","template":"elementor_header_footer","meta":{"footnotes":""},"class_list":["post-17957","page","type-page","status-publish","hentry"],"yoast_head":"<!-- This site is optimized with the Yoast SEO Premium plugin v25.9 (Yoast SEO v27.1.1) - https:\/\/yoast.com\/product\/yoast-seo-premium-wordpress\/ -->\n<title>Quem Somos - Mais Goiano - Not\u00edcias de Verdade! Goi\u00e1s, Brasil e Mundo<\/title>\n<meta name=\"description\" content=\"Quem Somos O Mais Goiano \u00e9 um portal de not\u00edcias digital independente. Sua estreia ocorreu em janeiro de 2024, com o objetivo de oferecer um ambiente\" \/>\n<meta name=\"robots\" content=\"index, follow, max-snippet:-1, max-image-preview:large, max-video-preview:-1\" \/>\n<link rel=\"canonical\" href=\"https:\/\/maisgoiano.com.br\/go\/quem-somos\/\" \/>\n<meta property=\"og:locale\" content=\"pt_BR\" \/>\n<meta property=\"og:type\" content=\"article\" \/>\n<meta property=\"og:title\" content=\"Quem Somos\" \/>\n<meta property=\"og:description\" content=\"Quem Somos O Mais Goiano \u00e9 um portal de not\u00edcias digital independente. Sua estreia ocorreu em janeiro de 2024, com o objetivo de oferecer um ambiente\" \/>\n<meta property=\"og:url\" content=\"https:\/\/maisgoiano.com.br\/go\/quem-somos\/\" \/>\n<meta property=\"og:site_name\" content=\"Mais Goiano - Not\u00edcias de Verdade! Goi\u00e1s, Brasil e Mundo\" \/>\n<meta property=\"article:publisher\" content=\"https:\/\/www.facebook.com\/maisgoiano\" \/>\n<meta property=\"article:modified_time\" content=\"2024-05-07T17:39:05+00:00\" \/>\n<meta property=\"og:image\" content=\"https:\/\/maisgoiano.com.br\/go\/wp-content\/uploads\/2024\/04\/90e161ca36f0c49799f03ca1fa5cfea7-scaled.webp\" \/>\n<meta name=\"twitter:label1\" content=\"Est. tempo de leitura\" \/>\n\t<meta name=\"twitter:data1\" content=\"1 minuto\" \/>\n<script type=\"application\/ld+json\" class=\"yoast-schema-graph\">{\"@context\":\"https:\/\/schema.org\",\"@graph\":[{\"@type\":\"WebPage\",\"@id\":\"https:\/\/maisgoiano.com.br\/go\/quem-somos\/\",\"url\":\"https:\/\/maisgoiano.com.br\/go\/quem-somos\/\",\"name\":\"Quem Somos - Mais Goiano - Not\u00edcias de Verdade! Goi\u00e1s, Brasil e Mundo\",\"isPartOf\":{\"@id\":\"https:\/\/maisgoiano.com.br\/go\/#website\"},\"primaryImageOfPage\":{\"@id\":\"https:\/\/maisgoiano.com.br\/go\/quem-somos\/#primaryimage\"},\"image\":{\"@id\":\"https:\/\/maisgoiano.com.br\/go\/quem-somos\/#primaryimage\"},\"thumbnailUrl\":\"https:\/\/maisgoiano.com.br\/go\/wp-content\/uploads\/2024\/04\/90e161ca36f0c49799f03ca1fa5cfea7-scaled.webp\",\"datePublished\":\"2024-05-07T17:29:20+00:00\",\"dateModified\":\"2024-05-07T17:39:05+00:00\",\"description\":\"Quem Somos O Mais Goiano \u00e9 um portal de not\u00edcias digital independente. Sua estreia ocorreu em janeiro de 2024, com o objetivo de oferecer um ambiente\",\"breadcrumb\":{\"@id\":\"https:\/\/maisgoiano.com.br\/go\/quem-somos\/#breadcrumb\"},\"inLanguage\":\"pt-BR\",\"potentialAction\":[{\"@type\":\"ReadAction\",\"target\":[\"https:\/\/maisgoiano.com.br\/go\/quem-somos\/\"]}]},{\"@type\":\"ImageObject\",\"inLanguage\":\"pt-BR\",\"@id\":\"https:\/\/maisgoiano.com.br\/go\/quem-somos\/#primaryimage\",\"url\":\"https:\/\/maisgoiano.com.br\/go\/wp-content\/uploads\/2024\/04\/90e161ca36f0c49799f03ca1fa5cfea7-scaled.webp\",\"contentUrl\":\"https:\/\/maisgoiano.com.br\/go\/wp-content\/uploads\/2024\/04\/90e161ca36f0c49799f03ca1fa5cfea7-scaled.webp\",\"width\":2560,\"height\":1439},{\"@type\":\"BreadcrumbList\",\"@id\":\"https:\/\/maisgoiano.com.br\/go\/quem-somos\/#breadcrumb\",\"itemListElement\":[{\"@type\":\"ListItem\",\"position\":1,\"name\":\"In\u00edcio\",\"item\":\"https:\/\/maisgoiano.com.br\/go\/\"},{\"@type\":\"ListItem\",\"position\":2,\"name\":\"Quem Somos\"}]},{\"@type\":\"WebSite\",\"@id\":\"https:\/\/maisgoiano.com.br\/go\/#website\",\"url\":\"https:\/\/maisgoiano.com.br\/go\/\",\"name\":\"Mais Goiano | Not\u00edcias de Verdade! Goi\u00e1s, Brasil e Mundo\",\"description\":\"Not\u00edcias de Verdade! Goi\u00e1s, Brasil e Mundo\",\"publisher\":{\"@id\":\"https:\/\/maisgoiano.com.br\/go\/#organization\"},\"alternateName\":\"Mais Goiano | Not\u00edcias de Verdade! Goi\u00e1s, Brasil e Mundo\",\"potentialAction\":[{\"@type\":\"SearchAction\",\"target\":{\"@type\":\"EntryPoint\",\"urlTemplate\":\"https:\/\/maisgoiano.com.br\/go\/?s={search_term_string}\"},\"query-input\":{\"@type\":\"PropertyValueSpecification\",\"valueRequired\":true,\"valueName\":\"search_term_string\"}}],\"inLanguage\":\"pt-BR\"},{\"@type\":\"Organization\",\"@id\":\"https:\/\/maisgoiano.com.br\/go\/#organization\",\"name\":\"Mais Goiano | Not\u00edcias de Verdade! Goi\u00e1s, Brasil e Mundo\",\"alternateName\":\"Mais Goiano | Not\u00edcias de Verdade! Goi\u00e1s, Brasil e Mundo\",\"url\":\"https:\/\/maisgoiano.com.br\/go\/\",\"logo\":{\"@type\":\"ImageObject\",\"inLanguage\":\"pt-BR\",\"@id\":\"https:\/\/maisgoiano.com.br\/go\/#\/schema\/logo\/image\/\",\"url\":\"https:\/\/maisgoiano.com.br\/go\/wp-content\/uploads\/2025\/05\/Mais-Goiano.jpg\",\"contentUrl\":\"https:\/\/maisgoiano.com.br\/go\/wp-content\/uploads\/2025\/05\/Mais-Goiano.jpg\",\"width\":1024,\"height\":454,\"caption\":\"Mais Goiano | Not\u00edcias de Verdade! Goi\u00e1s, Brasil e Mundo\"},\"image\":{\"@id\":\"https:\/\/maisgoiano.com.br\/go\/#\/schema\/logo\/image\/\"},\"sameAs\":[\"https:\/\/www.facebook.com\/maisgoiano\",\"https:\/\/www.instagram.com\/maisgoiano\/\"],\"description\":\"O Mais Goiano \u00e9 um portal de not\u00edcias digital independente. Sua estreia ocorreu em janeiro de 2024, com o objetivo de oferecer um ambiente confi\u00e1vel em meio \u00e0 dissemina\u00e7\u00e3o de informa\u00e7\u00f5es falsas.\",\"foundingDate\":\"2024-01-02\",\"numberOfEmployees\":{\"@type\":\"QuantitativeValue\",\"minValue\":\"1\",\"maxValue\":\"10\"},\"publishingPrinciples\":\"https:\/\/maisgoiano.com.br\/go\/politica-de-privacidade-2\/\"}]}<\/script>\n<!-- \/ Yoast SEO Premium plugin. -->","yoast_head_json":{"title":"Quem Somos - Mais Goiano - Not\u00edcias de Verdade! Goi\u00e1s, Brasil e Mundo","description":"Quem Somos O Mais Goiano \u00e9 um portal de not\u00edcias digital independente. Sua estreia ocorreu em janeiro de 2024, com o objetivo de oferecer um ambiente","robots":{"index":"index","follow":"follow","max-snippet":"max-snippet:-1","max-image-preview":"max-image-preview:large","max-video-preview":"max-video-preview:-1"},"canonical":"https:\/\/maisgoiano.com.br\/go\/quem-somos\/","og_locale":"pt_BR","og_type":"article","og_title":"Quem Somos","og_description":"Quem Somos O Mais Goiano \u00e9 um portal de not\u00edcias digital independente. Sua estreia ocorreu em janeiro de 2024, com o objetivo de oferecer um ambiente","og_url":"https:\/\/maisgoiano.com.br\/go\/quem-somos\/","og_site_name":"Mais Goiano - Not\u00edcias de Verdade! Goi\u00e1s, Brasil e Mundo","article_publisher":"https:\/\/www.facebook.com\/maisgoiano","article_modified_time":"2024-05-07T17:39:05+00:00","og_image":[{"url":"https:\/\/maisgoiano.com.br\/go\/wp-content\/uploads\/2024\/04\/90e161ca36f0c49799f03ca1fa5cfea7-scaled.webp","type":"","width":"","height":""}],"twitter_misc":{"Est. tempo de leitura":"1 minuto"},"schema":{"@context":"https:\/\/schema.org","@graph":[{"@type":"WebPage","@id":"https:\/\/maisgoiano.com.br\/go\/quem-somos\/","url":"https:\/\/maisgoiano.com.br\/go\/quem-somos\/","name":"Quem Somos - Mais Goiano - Not\u00edcias de Verdade! Goi\u00e1s, Brasil e Mundo","isPartOf":{"@id":"https:\/\/maisgoiano.com.br\/go\/#website"},"primaryImageOfPage":{"@id":"https:\/\/maisgoiano.com.br\/go\/quem-somos\/#primaryimage"},"image":{"@id":"https:\/\/maisgoiano.com.br\/go\/quem-somos\/#primaryimage"},"thumbnailUrl":"https:\/\/maisgoiano.com.br\/go\/wp-content\/uploads\/2024\/04\/90e161ca36f0c49799f03ca1fa5cfea7-scaled.webp","datePublished":"2024-05-07T17:29:20+00:00","dateModified":"2024-05-07T17:39:05+00:00","description":"Quem Somos O Mais Goiano \u00e9 um portal de not\u00edcias digital independente. Sua estreia ocorreu em janeiro de 2024, com o objetivo de oferecer um ambiente","breadcrumb":{"@id":"https:\/\/maisgoiano.com.br\/go\/quem-somos\/#breadcrumb"},"inLanguage":"pt-BR","potentialAction":[{"@type":"ReadAction","target":["https:\/\/maisgoiano.com.br\/go\/quem-somos\/"]}]},{"@type":"ImageObject","inLanguage":"pt-BR","@id":"https:\/\/maisgoiano.com.br\/go\/quem-somos\/#primaryimage","url":"https:\/\/maisgoiano.com.br\/go\/wp-content\/uploads\/2024\/04\/90e161ca36f0c49799f03ca1fa5cfea7-scaled.webp","contentUrl":"https:\/\/maisgoiano.com.br\/go\/wp-content\/uploads\/2024\/04\/90e161ca36f0c49799f03ca1fa5cfea7-scaled.webp","width":2560,"height":1439},{"@type":"BreadcrumbList","@id":"https:\/\/maisgoiano.com.br\/go\/quem-somos\/#breadcrumb","itemListElement":[{"@type":"ListItem","position":1,"name":"In\u00edcio","item":"https:\/\/maisgoiano.com.br\/go\/"},{"@type":"ListItem","position":2,"name":"Quem Somos"}]},{"@type":"WebSite","@id":"https:\/\/maisgoiano.com.br\/go\/#website","url":"https:\/\/maisgoiano.com.br\/go\/","name":"Mais Goiano | Not\u00edcias de Verdade! Goi\u00e1s, Brasil e Mundo","description":"Not\u00edcias de Verdade! Goi\u00e1s, Brasil e Mundo","publisher":{"@id":"https:\/\/maisgoiano.com.br\/go\/#organization"},"alternateName":"Mais Goiano | Not\u00edcias de Verdade! Goi\u00e1s, Brasil e Mundo","potentialAction":[{"@type":"SearchAction","target":{"@type":"EntryPoint","urlTemplate":"https:\/\/maisgoiano.com.br\/go\/?s={search_term_string}"},"query-input":{"@type":"PropertyValueSpecification","valueRequired":true,"valueName":"search_term_string"}}],"inLanguage":"pt-BR"},{"@type":"Organization","@id":"https:\/\/maisgoiano.com.br\/go\/#organization","name":"Mais Goiano | Not\u00edcias de Verdade! Goi\u00e1s, Brasil e Mundo","alternateName":"Mais Goiano | Not\u00edcias de Verdade! Goi\u00e1s, Brasil e Mundo","url":"https:\/\/maisgoiano.com.br\/go\/","logo":{"@type":"ImageObject","inLanguage":"pt-BR","@id":"https:\/\/maisgoiano.com.br\/go\/#\/schema\/logo\/image\/","url":"https:\/\/maisgoiano.com.br\/go\/wp-content\/uploads\/2025\/05\/Mais-Goiano.jpg","contentUrl":"https:\/\/maisgoiano.com.br\/go\/wp-content\/uploads\/2025\/05\/Mais-Goiano.jpg","width":1024,"height":454,"caption":"Mais Goiano | Not\u00edcias de Verdade! Goi\u00e1s, Brasil e Mundo"},"image":{"@id":"https:\/\/maisgoiano.com.br\/go\/#\/schema\/logo\/image\/"},"sameAs":["https:\/\/www.facebook.com\/maisgoiano","https:\/\/www.instagram.com\/maisgoiano\/"],"description":"O Mais Goiano \u00e9 um portal de not\u00edcias digital independente. Sua estreia ocorreu em janeiro de 2024, com o objetivo de oferecer um ambiente confi\u00e1vel em meio \u00e0 dissemina\u00e7\u00e3o de informa\u00e7\u00f5es falsas.","foundingDate":"2024-01-02","numberOfEmployees":{"@type":"QuantitativeValue","minValue":"1","maxValue":"10"},"publishingPrinciples":"https:\/\/maisgoiano.com.br\/go\/politica-de-privacidade-2\/"}]}},"_links":{"self":[{"href":"https:\/\/maisgoiano.com.br\/go\/wp-json\/wp\/v2\/pages\/17957","targetHints":{"allow":["GET"]}}],"collection":[{"href":"https:\/\/maisgoiano.com.br\/go\/wp-json\/wp\/v2\/pages"}],"about":[{"href":"https:\/\/maisgoiano.com.br\/go\/wp-json\/wp\/v2\/types\/page"}],"author":[{"embeddable":true,"href":"https:\/\/maisgoiano.com.br\/go\/wp-json\/wp\/v2\/users\/1"}],"replies":[{"embeddable":true,"href":"https:\/\/maisgoiano.com.br\/go\/wp-json\/wp\/v2\/comments?post=17957"}],"version-history":[{"count":0,"href":"https:\/\/maisgoiano.com.br\/go\/wp-json\/wp\/v2\/pages\/17957\/revisions"}],"wp:attachment":[{"href":"https:\/\/maisgoiano.com.br\/go\/wp-json\/wp\/v2\/media?parent=17957"}],"curies":[{"name":"wp","href":"https:\/\/api.w.org\/{rel}","templated":true}]}}